{"id":340,"date":"2025-10-16T23:49:54","date_gmt":"2025-10-16T23:49:54","guid":{"rendered":"https:\/\/noisy3d.com\/?page_id=340"},"modified":"2025-12-10T16:45:36","modified_gmt":"2025-12-10T16:45:36","slug":"about","status":"publish","type":"page","link":"https:\/\/noisy3d.com\/es\/about\/","title":{"rendered":"Qui\u00e9nes somos"},"content":{"rendered":"<div data-colibri-id=\"340-c1\" class=\"style-481 style-local-340-c1 position-relative\">\n  <!---->\n  <div data-colibri-component=\"section\" data-colibri-id=\"340-c2\" id=\"title\" class=\"h-section h-section-global-spacing d-flex align-items-lg-center align-items-md-center align-items-center style-483 style-local-340-c2 position-relative\">\n    <!---->\n    <!---->\n    <div class=\"h-section-grid-container h-section-boxed-container\">\n      <!---->\n      <div data-colibri-id=\"340-c3\" class=\"h-row-container gutters-row-lg-2 gutters-row-md-2 gutters-row-0 gutters-row-v-lg-2 gutters-row-v-md-2 gutters-row-v-2 style-484 style-local-340-c3 position-relative\">\n        <!---->\n        <div class=\"h-row justify-content-lg-center justify-content-md-center justify-content-center align-items-lg-stretch align-items-md-stretch align-items-stretch gutters-col-lg-2 gutters-col-md-2 gutters-col-0 gutters-col-v-lg-2 gutters-col-v-md-2 gutters-col-v-2\">\n          <!---->\n          <div class=\"h-column h-column-container d-flex h-col-lg-auto h-col-md-auto h-col-auto style-485-outer style-local-340-c4-outer\">\n            <div data-colibri-id=\"340-c4\" class=\"d-flex h-flex-basis h-column__inner h-px-lg-2 h-px-md-2 h-px-2 v-inner-lg-2 v-inner-md-2 v-inner-2 style-485 style-local-340-c4 position-relative\">\n              <!---->\n              <!---->\n              <div class=\"w-100 h-y-container h-column__content h-column__v-align flex-basis-100 align-self-lg-start align-self-md-start align-self-start\">\n                <!---->\n                <div data-colibri-id=\"340-c5\" class=\"h-global-transition-all h-heading style-486 style-local-340-c5 position-relative h-element\">\n                  <!---->\n                  <div class=\"h-heading__outer style-486 style-local-340-c5\">\n                    <!---->\n                    <!---->\n                    <h1 class=\"\">Qui\u00e9nes somos<\/h1>\n                  <\/div>\n                <\/div>\n              <\/div>\n            <\/div>\n          <\/div>\n        <\/div>\n      <\/div>\n    <\/div>\n  <\/div>\n  <div data-colibri-component=\"section\" data-colibri-id=\"340-c10\" id=\"liam\" class=\"h-section h-section-global-spacing d-flex align-items-lg-center align-items-md-center align-items-center style-487 style-local-340-c10 h-overflow-hidden position-relative\">\n    <!---->\n    <!---->\n    <div class=\"h-section-grid-container h-section-fluid-container\">\n      <!---->\n      <div data-colibri-id=\"340-c11\" class=\"h-row-container gutters-row-lg-0 gutters-row-md-0 gutters-row-2 gutters-row-v-lg-0 gutters-row-v-md-0 gutters-row-v-2 style-488 style-local-340-c11 position-relative\">\n        <!---->\n        <div class=\"h-row justify-content-lg-center justify-content-md-center justify-content-center align-items-lg-stretch align-items-md-stretch align-items-stretch gutters-col-lg-0 gutters-col-md-0 gutters-col-2 gutters-col-v-lg-0 gutters-col-v-md-0 gutters-col-v-2\">\n          <!---->\n          <div class=\"h-column h-column-container d-flex h-col-lg-auto h-col-md-auto h-col-auto style-489-outer style-local-340-c12-outer\">\n            <div data-colibri-id=\"340-c12\" class=\"d-flex h-flex-basis h-column__inner h-ui-empty-state-container h-px-lg-0 h-px-md-0 h-px-0 v-inner-lg-0 v-inner-md-0 v-inner-0 style-489 style-local-340-c12 position-relative\">\n              <!---->\n              <!---->\n              <div class=\"w-100 h-y-container h-column__content h-column__v-align flex-basis-100\">\n                <!---->\n              <\/div>\n            <\/div>\n          <\/div>\n          <div class=\"h-column h-column-container d-flex h-col-lg-auto h-col-md-auto h-col-auto style-490-outer style-local-340-c13-outer\">\n            <div data-colibri-id=\"340-c13\" class=\"d-flex h-flex-basis h-column__inner h-px-lg-0 h-px-md-0 h-px-0 v-inner-lg-0 v-inner-md-0 v-inner-0 style-490 style-local-340-c13 position-relative\">\n              <!---->\n              <!---->\n              <div class=\"w-100 h-y-container h-column__content h-column__v-align flex-basis-100 align-self-lg-start align-self-md-start align-self-start\">\n                <!---->\n                <div data-colibri-id=\"340-c14\" class=\"h-global-transition-all h-heading style-491 style-local-340-c14 position-relative h-element\">\n                  <!---->\n                  <div class=\"h-heading__outer style-491 style-local-340-c14\">\n                    <!---->\n                    <!---->\n                    <h4 class=\"\"><\/h4>\n                  <\/div>\n                <\/div>\n                <div data-colibri-id=\"340-c15\" class=\"h-global-transition-all h-heading style-1080 style-local-340-c15 position-relative h-element\">\n                  <!---->\n                  <div class=\"h-heading__outer style-1080 style-local-340-c15\">\n                    <!---->\n                    <!---->\n                    <h2 class=\"\">Soy Liam Clauti, fundador de Noisy3d.<\/h2>\n                  <\/div>\n                <\/div>\n                <div data-colibri-id=\"340-c16\" class=\"h-text h-text-component style-1081 style-local-340-c16 position-relative h-element\">\n                  <!---->\n                  <!---->\n                  <div class=\"\">\n                    <p>Despu\u00e9s de estudiar construcci\u00f3n aeron\u00e1utica y trabajar durante algunos a\u00f1os en el \u00e1mbito de la experiencia y el \u00e9xito del cliente, decid\u00ed dedicarme a mi pasi\u00f3n por crear e inventar y emprender mi propio camino, en el que lo t\u00e9cnico se une con lo creativo.<\/p>\n                  <\/div>\n                <\/div>\n                <div data-colibri-id=\"340-c17\" class=\"h-global-transition-all h-heading style-492 style-local-340-c17 position-relative h-element\">\n                  <!---->\n                  <div class=\"h-heading__outer style-492 style-local-340-c17\">\n                    <!---->\n                    <!---->\n                    <h2 class=\"\">Por qu\u00e9 somos como somos.<\/h2>\n                  <\/div>\n                <\/div>\n                <div data-colibri-id=\"340-c18\" class=\"h-text h-text-component style-502 style-local-340-c18 position-relative h-element\">\n                  <!---->\n                  <!---->\n                  <div class=\"\">\n                    <p>Nuestra experiencia abarca desde el dise\u00f1o digital hasta la construcci\u00f3n pr\u00e1ctica, desde el servicio al cliente hasta la electr\u00f3nica.<\/p>\n                  <\/div>\n                <\/div>\n                <div data-colibri-id=\"340-c19\" class=\"h-text h-text-component style-493 style-local-340-c19 position-relative h-element\">\n                  <!---->\n                  <!---->\n                  <div class=\"\">\n                    <p>Aunque nuestro principal objetivo es la capacidad de la impresi\u00f3n 3D para adaptarse a casi cualquier necesidad, nos encanta explorar todos los materiales y t\u00e9cnicas posibles para dar vida a las ideas.&nbsp;\n                      <br>\n                    <\/p>\n                    <p>Para ello, colaboramos con un grupo diverso de profesionales cualificados y con experiencia, lo que nos permite atender a muchos sectores diferentes.<\/p>\n                  <\/div>\n                <\/div>\n              <\/div>\n            <\/div>\n          <\/div>\n        <\/div>\n      <\/div>\n    <\/div>\n  <\/div>\n  <div data-colibri-component=\"section\" data-colibri-id=\"340-c20\" id=\"partners\" class=\"h-section h-section-global-spacing d-flex align-items-lg-center align-items-md-center align-items-center style-503 style-local-340-c20 position-relative\">\n    <!---->\n    <!---->\n    <div class=\"h-section-grid-container h-section-boxed-container\">\n      <!---->\n      <div data-colibri-id=\"340-c21\" class=\"h-row-container gutters-row-lg-0 gutters-row-md-0 gutters-row-0 gutters-row-v-lg-0 gutters-row-v-md-0 gutters-row-v-0 style-1082 style-local-340-c21 position-relative\">\n        <!---->\n        <div class=\"h-row justify-content-lg-center justify-content-md-center justify-content-center align-items-lg-stretch align-items-md-stretch align-items-stretch gutters-col-lg-0 gutters-col-md-0 gutters-col-0 gutters-col-v-lg-0 gutters-col-v-md-0 gutters-col-v-0\">\n          <!---->\n          <div class=\"h-column h-column-container d-flex h-col-lg-auto h-col-md-auto h-col-auto style-1083-outer style-local-340-c22-outer\">\n            <div data-colibri-id=\"340-c22\" class=\"d-flex h-flex-basis h-column__inner h-px-lg-2 h-px-md-2 h-px-2 v-inner-lg-2 v-inner-md-2 v-inner-2 style-1083 style-local-340-c22 position-relative\">\n              <!---->\n              <!---->\n              <div class=\"w-100 h-y-container h-column__content h-column__v-align flex-basis-100 align-self-lg-start align-self-md-start align-self-start\">\n                <!---->\n                <div data-colibri-id=\"340-c23\" class=\"h-global-transition-all h-heading style-1084 style-local-340-c23 position-relative h-element\">\n                  <!---->\n                  <div class=\"h-heading__outer style-1084 style-local-340-c23\">\n                    <!---->\n                    <!---->\n                    <h2 class=\"\">Nuestros socios<\/h2>\n                  <\/div>\n                <\/div>\n              <\/div>\n            <\/div>\n          <\/div>\n          <div class=\"h-column h-column-container d-flex h-col-lg-auto h-col-md-auto h-col-auto style-1105-outer style-local-340-c24-outer\">\n            <div data-colibri-id=\"340-c24\" class=\"d-flex h-flex-basis h-column__inner h-px-lg-2 h-px-md-2 h-px-2 v-inner-lg-2 v-inner-md-2 v-inner-2 style-1105 style-local-340-c24 position-relative\">\n              <!---->\n              <!---->\n              <div class=\"w-100 h-y-container h-column__content h-column__v-align flex-basis-100 align-self-lg-start align-self-md-start align-self-start\">\n                <!---->\n                <div data-colibri-id=\"340-c25\" class=\"h-text h-text-component style-1087 style-local-340-c25 position-relative h-element\">\n                  <!---->\n                  <!---->\n                  <div class=\"\">\n                    <p>Contamos con una red de socios para dar cabida al mayor n\u00famero posible de servicios y nichos.&nbsp;\n                      <br>Los seleccionamos por su experiencia y fiabilidad, pero sobre todo por su capacidad para pensar de forma innovadora.&nbsp;<\/p>\n                  <\/div>\n                <\/div>\n              <\/div>\n            <\/div>\n          <\/div>\n        <\/div>\n      <\/div>\n    <\/div>\n  <\/div>\n  <div data-colibri-component=\"section\" data-colibri-id=\"340-c26\" id=\"confidentiality\" class=\"h-section h-section-global-spacing d-flex align-items-lg-center align-items-md-center align-items-center style-1099 style-local-340-c26 position-relative\">\n    <!---->\n    <!---->\n    <div class=\"h-section-grid-container h-section-boxed-container\">\n      <!---->\n      <div data-colibri-id=\"340-c27\" class=\"h-row-container gutters-row-lg-2 gutters-row-md-2 gutters-row-0 gutters-row-v-lg-2 gutters-row-v-md-2 gutters-row-v-2 style-1100 style-local-340-c27 position-relative\">\n        <!---->\n        <div class=\"h-row justify-content-lg-center justify-content-md-center justify-content-center align-items-lg-stretch align-items-md-stretch align-items-stretch gutters-col-lg-2 gutters-col-md-2 gutters-col-0 gutters-col-v-lg-2 gutters-col-v-md-2 gutters-col-v-2\">\n          <!---->\n          <div class=\"h-column h-column-container d-flex h-col-lg-auto h-col-md-auto h-col-auto style-1101-outer style-local-340-c28-outer\">\n            <div data-colibri-id=\"340-c28\" class=\"d-flex h-flex-basis h-column__inner h-px-lg-2 h-px-md-2 h-px-2 v-inner-lg-2 v-inner-md-2 v-inner-2 style-1101 style-local-340-c28 position-relative\">\n              <!---->\n              <!---->\n              <div class=\"w-100 h-y-container h-column__content h-column__v-align flex-basis-100 align-self-lg-start align-self-md-start align-self-start\">\n                <!---->\n                <div data-colibri-id=\"340-c29\" class=\"h-global-transition-all h-heading style-1103 style-local-340-c29 position-relative h-element\">\n                  <!---->\n                  <div class=\"h-heading__outer style-1103 style-local-340-c29\">\n                    <!---->\n                    <!---->\n                    <h2 class=\"\">Confidencialidad<\/h2>\n                  <\/div>\n                <\/div>\n              <\/div>\n            <\/div>\n          <\/div>\n          <div class=\"h-column h-column-container d-flex h-col-lg-auto h-col-md-auto h-col-auto style-1102-outer style-local-340-c30-outer\">\n            <div data-colibri-id=\"340-c30\" class=\"d-flex h-flex-basis h-column__inner h-px-lg-2 h-px-md-2 h-px-2 v-inner-lg-2 v-inner-md-2 v-inner-2 style-1102 style-local-340-c30 position-relative\">\n              <!---->\n              <!---->\n              <div class=\"w-100 h-y-container h-column__content h-column__v-align flex-basis-100 align-self-lg-start align-self-md-start align-self-start\">\n                <!---->\n                <div data-colibri-id=\"340-c31\" class=\"h-text h-text-component style-1104 style-local-340-c31 position-relative h-element\">\n                  <!---->\n                  <!---->\n                  <div class=\"\">\n                    <p>Es nuestro orgullo y nuestro deber garantizar que sus ideas, proyectos y productos permanezcan privados.&nbsp;\n                      <br>Bajo ninguna circunstancia compartiremos informaci\u00f3n con socios externos o proveedores sin su consentimiento previo y expl\u00edcito.<\/p>\n                  <\/div>\n                <\/div>\n              <\/div>\n            <\/div>\n          <\/div>\n        <\/div>\n      <\/div>\n    <\/div>\n  <\/div>\n  <div data-colibri-component=\"section\" data-colibri-id=\"340-c32\" id=\"custom\" class=\"h-section h-section-global-spacing d-flex align-items-lg-center align-items-md-center align-items-center style-1106 style-local-340-c32 position-relative\">\n    <!---->\n    <!---->\n    <div class=\"h-section-grid-container h-section-boxed-container\">\n      <!---->\n      <div data-colibri-id=\"340-c33\" class=\"h-row-container gutters-row-lg-2 gutters-row-md-2 gutters-row-0 gutters-row-v-lg-2 gutters-row-v-md-2 gutters-row-v-2 style-1107 style-local-340-c33 position-relative\">\n        <!---->\n        <div class=\"h-row justify-content-lg-center justify-content-md-center justify-content-center align-items-lg-stretch align-items-md-stretch align-items-stretch gutters-col-lg-2 gutters-col-md-2 gutters-col-0 gutters-col-v-lg-2 gutters-col-v-md-2 gutters-col-v-2\">\n          <!---->\n          <div class=\"h-column h-column-container d-flex h-col-lg-auto h-col-md-auto h-col-auto style-1108-outer style-local-340-c34-outer\">\n            <div data-colibri-id=\"340-c34\" class=\"d-flex h-flex-basis h-column__inner h-px-lg-2 h-px-md-2 h-px-2 v-inner-lg-2 v-inner-md-2 v-inner-2 style-1108 style-local-340-c34 position-relative\">\n              <!---->\n              <!---->\n              <div class=\"w-100 h-y-container h-column__content h-column__v-align flex-basis-100 align-self-lg-start align-self-md-start align-self-start\">\n                <!---->\n                <div data-colibri-id=\"340-c35\" class=\"h-global-transition-all h-heading style-1111 style-local-340-c35 position-relative h-element\">\n                  <!---->\n                  <div class=\"h-heading__outer style-1111 style-local-340-c35\">\n                    <!---->\n                    <!---->\n                    <h2 class=\"\">Ethos<\/h2>\n                  <\/div>\n                <\/div>\n              <\/div>\n            <\/div>\n          <\/div>\n          <div class=\"h-column h-column-container d-flex h-col-lg-auto h-col-md-auto h-col-auto style-1116-outer style-local-340-c36-outer\">\n            <div data-colibri-id=\"340-c36\" class=\"d-flex h-flex-basis h-column__inner h-px-lg-2 h-px-md-2 h-px-2 v-inner-lg-2 v-inner-md-2 v-inner-2 style-1116 style-local-340-c36 position-relative\">\n              <!---->\n              <!---->\n              <div class=\"w-100 h-y-container h-column__content h-column__v-align flex-basis-100 align-self-lg-start align-self-md-start align-self-start\">\n                <!---->\n                <div data-colibri-id=\"340-c37\" class=\"h-text h-text-component style-1118 style-local-340-c37 position-relative h-element\">\n                  <!---->\n                  <!---->\n                  <div class=\"\">\n                    <p>La impresi\u00f3n 3D no es la soluci\u00f3n a todos los problemas (aunque s\u00ed lo es en la mayor\u00eda de los casos) y para nosotros es importante que siempre tomes la mejor decisi\u00f3n y la m\u00e1s informada, independientemente de si acabas trabajando con nosotros o no.<\/p>\n                  <\/div>\n                <\/div>\n              <\/div>\n            <\/div>\n          <\/div>\n        <\/div>\n      <\/div>\n    <\/div>\n  <\/div>\n<\/div>","protected":false},"excerpt":{"rendered":"<p>About us I&#8217;m Liam Clauti, founder of Noisy3d. After studying aeronautical construction and [&hellip;]<\/p>","protected":false},"author":1,"featured_media":0,"parent":0,"menu_order":0,"comment_status":"closed","ping_status":"closed","template":"page-templates\/full-width-page.php","meta":{"footnotes":""},"class_list":["post-340","page","type-page","status-publish","hentry"],"yoast_head":"<!-- This site is optimized with the Yoast SEO plugin v26.7 - https:\/\/yoast.com\/wordpress\/plugins\/seo\/ -->\n<title>About - Noisy<\/title>\n<meta name=\"robots\" content=\"index, follow, max-snippet:-1, max-image-preview:large, max-video-preview:-1\" \/>\n<link rel=\"canonical\" href=\"https:\/\/noisy3d.com\/es\/about\/\" \/>\n<meta property=\"og:locale\" content=\"es_ES\" \/>\n<meta property=\"og:type\" content=\"article\" \/>\n<meta property=\"og:title\" content=\"About - Noisy\" \/>\n<meta property=\"og:description\" content=\"About us I&#8217;m Liam Clauti, founder of Noisy3d. After studying aeronautical construction and [&hellip;]\" \/>\n<meta property=\"og:url\" content=\"https:\/\/noisy3d.com\/es\/about\/\" \/>\n<meta property=\"og:site_name\" content=\"Noisy\" \/>\n<meta property=\"article:modified_time\" content=\"2025-12-10T16:45:36+00:00\" \/>\n<meta name=\"twitter:card\" content=\"summary_large_image\" \/>\n<meta name=\"twitter:label1\" content=\"Tiempo de lectura\" \/>\n\t<meta name=\"twitter:data1\" content=\"1 minuto\" \/>\n<script type=\"application\/ld+json\" class=\"yoast-schema-graph\">{\"@context\":\"https:\/\/schema.org\",\"@graph\":[{\"@type\":\"WebPage\",\"@id\":\"https:\/\/noisy3d.com\/about\/\",\"url\":\"https:\/\/noisy3d.com\/about\/\",\"name\":\"About - Noisy\",\"isPartOf\":{\"@id\":\"https:\/\/noisy3d.com\/#website\"},\"datePublished\":\"2025-10-16T23:49:54+00:00\",\"dateModified\":\"2025-12-10T16:45:36+00:00\",\"breadcrumb\":{\"@id\":\"https:\/\/noisy3d.com\/about\/#breadcrumb\"},\"inLanguage\":\"es\",\"potentialAction\":[{\"@type\":\"ReadAction\",\"target\":[\"https:\/\/noisy3d.com\/about\/\"]}]},{\"@type\":\"BreadcrumbList\",\"@id\":\"https:\/\/noisy3d.com\/about\/#breadcrumb\",\"itemListElement\":[{\"@type\":\"ListItem\",\"position\":1,\"name\":\"Home\",\"item\":\"https:\/\/noisy3d.com\/\"},{\"@type\":\"ListItem\",\"position\":2,\"name\":\"About\"}]},{\"@type\":\"WebSite\",\"@id\":\"https:\/\/noisy3d.com\/#website\",\"url\":\"https:\/\/noisy3d.com\/\",\"name\":\"Noisy 3D\",\"description\":\"3D printing and CAD Design\",\"publisher\":{\"@id\":\"https:\/\/noisy3d.com\/#organization\"},\"potentialAction\":[{\"@type\":\"SearchAction\",\"target\":{\"@type\":\"EntryPoint\",\"urlTemplate\":\"https:\/\/noisy3d.com\/?s={search_term_string}\"},\"query-input\":{\"@type\":\"PropertyValueSpecification\",\"valueRequired\":true,\"valueName\":\"search_term_string\"}}],\"inLanguage\":\"es\"},{\"@type\":\"Organization\",\"@id\":\"https:\/\/noisy3d.com\/#organization\",\"name\":\"Noisy 3D\",\"url\":\"https:\/\/noisy3d.com\/\",\"logo\":{\"@type\":\"ImageObject\",\"inLanguage\":\"es\",\"@id\":\"https:\/\/noisy3d.com\/#\/schema\/logo\/image\/\",\"url\":\"https:\/\/noisy3d.com\/wp-content\/uploads\/2025\/12\/noisy-3dp-logo2.png\",\"contentUrl\":\"https:\/\/noisy3d.com\/wp-content\/uploads\/2025\/12\/noisy-3dp-logo2.png\",\"width\":2061,\"height\":739,\"caption\":\"Noisy 3D\"},\"image\":{\"@id\":\"https:\/\/noisy3d.com\/#\/schema\/logo\/image\/\"},\"sameAs\":[\"https:\/\/www.linkedin.com\/company\/noisy3d\/\",\"https:\/\/www.instagram.com\/noisy.3d\/\"]}]}<\/script>\n<!-- \/ Yoast SEO plugin. -->","yoast_head_json":{"title":"About - Noisy","robots":{"index":"index","follow":"follow","max-snippet":"max-snippet:-1","max-image-preview":"max-image-preview:large","max-video-preview":"max-video-preview:-1"},"canonical":"https:\/\/noisy3d.com\/es\/about\/","og_locale":"es_ES","og_type":"article","og_title":"About - Noisy","og_description":"About us I&#8217;m Liam Clauti, founder of Noisy3d. After studying aeronautical construction and [&hellip;]","og_url":"https:\/\/noisy3d.com\/es\/about\/","og_site_name":"Noisy","article_modified_time":"2025-12-10T16:45:36+00:00","twitter_card":"summary_large_image","twitter_misc":{"Tiempo de lectura":"1 minuto"},"schema":{"@context":"https:\/\/schema.org","@graph":[{"@type":"WebPage","@id":"https:\/\/noisy3d.com\/about\/","url":"https:\/\/noisy3d.com\/about\/","name":"About - Noisy","isPartOf":{"@id":"https:\/\/noisy3d.com\/#website"},"datePublished":"2025-10-16T23:49:54+00:00","dateModified":"2025-12-10T16:45:36+00:00","breadcrumb":{"@id":"https:\/\/noisy3d.com\/about\/#breadcrumb"},"inLanguage":"es","potentialAction":[{"@type":"ReadAction","target":["https:\/\/noisy3d.com\/about\/"]}]},{"@type":"BreadcrumbList","@id":"https:\/\/noisy3d.com\/about\/#breadcrumb","itemListElement":[{"@type":"ListItem","position":1,"name":"Home","item":"https:\/\/noisy3d.com\/"},{"@type":"ListItem","position":2,"name":"About"}]},{"@type":"WebSite","@id":"https:\/\/noisy3d.com\/#website","url":"https:\/\/noisy3d.com\/","name":"Noisy 3D","description":"3D printing and CAD Design","publisher":{"@id":"https:\/\/noisy3d.com\/#organization"},"potentialAction":[{"@type":"SearchAction","target":{"@type":"EntryPoint","urlTemplate":"https:\/\/noisy3d.com\/?s={search_term_string}"},"query-input":{"@type":"PropertyValueSpecification","valueRequired":true,"valueName":"search_term_string"}}],"inLanguage":"es"},{"@type":"Organization","@id":"https:\/\/noisy3d.com\/#organization","name":"Noisy 3D","url":"https:\/\/noisy3d.com\/","logo":{"@type":"ImageObject","inLanguage":"es","@id":"https:\/\/noisy3d.com\/#\/schema\/logo\/image\/","url":"https:\/\/noisy3d.com\/wp-content\/uploads\/2025\/12\/noisy-3dp-logo2.png","contentUrl":"https:\/\/noisy3d.com\/wp-content\/uploads\/2025\/12\/noisy-3dp-logo2.png","width":2061,"height":739,"caption":"Noisy 3D"},"image":{"@id":"https:\/\/noisy3d.com\/#\/schema\/logo\/image\/"},"sameAs":["https:\/\/www.linkedin.com\/company\/noisy3d\/","https:\/\/www.instagram.com\/noisy.3d\/"]}]}},"_hostinger_reach_plugin_has_subscription_block":false,"_hostinger_reach_plugin_is_elementor":false,"_links":{"self":[{"href":"https:\/\/noisy3d.com\/es\/wp-json\/wp\/v2\/pages\/340","targetHints":{"allow":["GET"]}}],"collection":[{"href":"https:\/\/noisy3d.com\/es\/wp-json\/wp\/v2\/pages"}],"about":[{"href":"https:\/\/noisy3d.com\/es\/wp-json\/wp\/v2\/types\/page"}],"author":[{"embeddable":true,"href":"https:\/\/noisy3d.com\/es\/wp-json\/wp\/v2\/users\/1"}],"replies":[{"embeddable":true,"href":"https:\/\/noisy3d.com\/es\/wp-json\/wp\/v2\/comments?post=340"}],"version-history":[{"count":14,"href":"https:\/\/noisy3d.com\/es\/wp-json\/wp\/v2\/pages\/340\/revisions"}],"predecessor-version":[{"id":1305,"href":"https:\/\/noisy3d.com\/es\/wp-json\/wp\/v2\/pages\/340\/revisions\/1305"}],"wp:attachment":[{"href":"https:\/\/noisy3d.com\/es\/wp-json\/wp\/v2\/media?parent=340"}],"curies":[{"name":"wp","href":"https:\/\/api.w.org\/{rel}","templated":true}]}}